{"id":2,"date":"2022-07-21T23:38:09","date_gmt":"2022-07-21T20:38:09","guid":{"rendered":"https:\/\/rastaman-seeds.org\/?page_id=2"},"modified":"2022-09-07T21:48:12","modified_gmt":"2022-09-07T18:48:12","slug":"sample-page","status":"publish","type":"page","link":"https:\/\/rastaman-seeds.org\/de\/","title":{"rendered":"Rastaman Seeds"},"content":{"rendered":"\n<p>Rastaman Seeds ist das Team von passionierten Z\u00fcchter, in Gro\u00dfbritannien. Wir alle haben Erfahrung im Anbau und Zucht von Cannabis seit Jahres 2000.<\/p>\n\n\n\n<p>F\u00fcr letzten f\u00fcnf Jahren arbeiten wir in enger Zusammenarbeit mit dem spanischen und kanadischen Z\u00fcchter. Unser wichtigstes Ziel ist es, beste Autoflowering Sorten und stabile Genetik f\u00fcr Innen-und Au\u00dfenbereich wachsenden erreichen.<\/p>\n\n\n\n<p>Wir verwenden Samen aus der ganzen Welt, um unsere eigenen St\u00e4mme zu schaffen. Afghan Landsorten, Russisch ruderalis, Niederl\u00e4ndisch St\u00e4mme haben alle in den letzten zehn Jahren verwendet, um Samen, die wir handeln erstellen.<\/p>\n\n\n\n<p>Constant Zucht und Beobachtungen halfen unserem Team, um die st\u00e4rksten und resistente St\u00e4mme auszuw\u00e4hlen.<\/p>\n\n\n\n<p>Unsere Strategie ist es, Kunden mit den Ergebnissen erhalten sie zufrieden zu stellen. So arbeiten wir viel Zeit, um sicher sein, die Qualit\u00e4t unserer Samen ist eine der besten auf dem Weltmarkt.<\/p>\n\n\n\n<p>Bitte werfen Sie einen Blick auf unseren Katalog und genie\u00dfen Sie die Sch\u00f6nheit der Rastaman Seeds St\u00e4mme.<\/p>\n\n\n\n<p class=\"has-text-align-center\"><center><p class=\"has-text-align-center\"><\/center><\/p>\n\n\n\n<p class=\"has-text-align-left\">Feel free to send us feedback, comments or wholesale demand<\/p>\n\n\n\n<p class=\"has-text-align-left\">Rastaman Seeds<br>St Olav&#8217;s Court<br>City Business Centre, Canada Water Lower Road<br>London, SE16 2XB, UK<br>Rastaman.Seeds.Sales@gmail.com, www.rastamanseeds.com<\/p>\n","protected":false},"excerpt":{"rendered":"<p>Rastaman Seeds ist das Team von passionierten Z\u00fcchter, in Gro\u00dfbritannien. Wir alle haben Erfahrung im Anbau und Zucht von Cannabis seit Jahres 2000. F\u00fcr letzten<\/p>\n","protected":false},"author":1,"featured_media":0,"parent":0,"menu_order":0,"comment_status":"closed","ping_status":"open","template":"","meta":{"footnotes":""},"class_list":["post-2","page","type-page","status-publish","hentry"],"_links":{"self":[{"href":"https:\/\/rastaman-seeds.org\/de\/wp-json\/wp\/v2\/pages\/2","targetHints":{"allow":["GET"]}}],"collection":[{"href":"https:\/\/rastaman-seeds.org\/de\/wp-json\/wp\/v2\/pages"}],"about":[{"href":"https:\/\/rastaman-seeds.org\/de\/wp-json\/wp\/v2\/types\/page"}],"author":[{"embeddable":true,"href":"https:\/\/rastaman-seeds.org\/de\/wp-json\/wp\/v2\/users\/1"}],"replies":[{"embeddable":true,"href":"https:\/\/rastaman-seeds.org\/de\/wp-json\/wp\/v2\/comments?post=2"}],"version-history":[{"count":15,"href":"https:\/\/rastaman-seeds.org\/de\/wp-json\/wp\/v2\/pages\/2\/revisions"}],"predecessor-version":[{"id":171,"href":"https:\/\/rastaman-seeds.org\/de\/wp-json\/wp\/v2\/pages\/2\/revisions\/171"}],"wp:attachment":[{"href":"https:\/\/rastaman-seeds.org\/de\/wp-json\/wp\/v2\/media?parent=2"}],"curies":[{"name":"wp","href":"https:\/\/api.w.org\/{rel}","templated":true}]}}