{"id":2,"date":"2022-07-21T23:38:09","date_gmt":"2022-07-21T20:38:09","guid":{"rendered":"https:\/\/rastaman-seeds.org\/?page_id=2"},"modified":"2022-09-07T21:48:12","modified_gmt":"2022-09-07T18:48:12","slug":"sample-page","status":"publish","type":"page","link":"https:\/\/rastaman-seeds.org\/es\/","title":{"rendered":"Rastaman Seeds"},"content":{"rendered":"\n<p>Rastaman Seeds es el equipo de productores apasionados, ubicados en el Reino Unido. Estamos todos tienen experiencia en el cultivo y la cr\u00eda de cannabis desde al a\u00f1o 2000.<\/p>\n\n\n\n<p>Para los \u00faltimos cinco a\u00f1os, trabajamos en estrecha colaboraci\u00f3n con los agricultores espa\u00f1oles y canadienses. Nuestro objetivo m\u00e1s importante es lograr mejores cepas autoflorecientes gen\u00e9tica y estables para el cultivo de interior y al aire libre.<\/p>\n\n\n\n<p>Utilizamos semillas de todo el mundo para crear nuestras variedades \u00fanicas. Variedades aut\u00f3ctonas afganas, Ruderalis rusos, holandeses cepas son todos se han utilizado durante los \u00faltimos diez a\u00f1os para crear semillas que comercializamos.<\/p>\n\n\n\n<p>Mejoramiento constante y observaciones ayudaron a nuestro equipo para seleccionar las cepas m\u00e1s potentes y resistentes.<\/p>\n\n\n\n<p>Nuestra estrategia es mantener a los clientes satisfechos con los resultados que obtienen. As\u00ed que trabajamos mucho tiempo para estar seguro de la calidad de nuestras semillas es uno de los mejores en el mercado mundial de de cannamo.<\/p>\n\n\n\n<p>Por favor, eche un vistazo a nuestro cat\u00e1logo y disfrutar de la belleza de Rastaman Seeds cepas.<\/p>\n\n\n\n<p class=\"has-text-align-center\"><center><p class=\"has-text-align-center\"><\/center><\/p>\n\n\n\n<p class=\"has-text-align-left\">Feel free to send us feedback, comments or wholesale demand<\/p>\n\n\n\n<p class=\"has-text-align-left\">Rastaman Seeds<br>St Olav&#8217;s Court<br>City Business Centre, Canada Water Lower Road<br>London, SE16 2XB, UK<br>Rastaman.Seeds.Sales@gmail.com, www.rastamanseeds.com<\/p>\n","protected":false},"excerpt":{"rendered":"<p>Rastaman Seeds es el equipo de productores apasionados, ubicados en el Reino Unido. Estamos todos tienen experiencia en el cultivo y la cr\u00eda de cannabis<\/p>\n","protected":false},"author":1,"featured_media":0,"parent":0,"menu_order":0,"comment_status":"closed","ping_status":"open","template":"","meta":{"footnotes":""},"class_list":["post-2","page","type-page","status-publish","hentry"],"_links":{"self":[{"href":"https:\/\/rastaman-seeds.org\/es\/wp-json\/wp\/v2\/pages\/2","targetHints":{"allow":["GET"]}}],"collection":[{"href":"https:\/\/rastaman-seeds.org\/es\/wp-json\/wp\/v2\/pages"}],"about":[{"href":"https:\/\/rastaman-seeds.org\/es\/wp-json\/wp\/v2\/types\/page"}],"author":[{"embeddable":true,"href":"https:\/\/rastaman-seeds.org\/es\/wp-json\/wp\/v2\/users\/1"}],"replies":[{"embeddable":true,"href":"https:\/\/rastaman-seeds.org\/es\/wp-json\/wp\/v2\/comments?post=2"}],"version-history":[{"count":15,"href":"https:\/\/rastaman-seeds.org\/es\/wp-json\/wp\/v2\/pages\/2\/revisions"}],"predecessor-version":[{"id":171,"href":"https:\/\/rastaman-seeds.org\/es\/wp-json\/wp\/v2\/pages\/2\/revisions\/171"}],"wp:attachment":[{"href":"https:\/\/rastaman-seeds.org\/es\/wp-json\/wp\/v2\/media?parent=2"}],"curies":[{"name":"wp","href":"https:\/\/api.w.org\/{rel}","templated":true}]}}