{"id":2,"date":"2022-07-21T23:38:09","date_gmt":"2022-07-21T20:38:09","guid":{"rendered":"https:\/\/rastaman-seeds.org\/?page_id=2"},"modified":"2022-09-07T21:48:12","modified_gmt":"2022-09-07T18:48:12","slug":"sample-page","status":"publish","type":"page","link":"https:\/\/rastaman-seeds.org\/fr\/","title":{"rendered":"Rastaman Seeds"},"content":{"rendered":"\n<p>Rastaman Seeds est l&rsquo;\u00e9quipe de producteurs passionn\u00e9s, situ\u00e9s au Royaume-Uni. Nous sommes tous de l&rsquo;exp\u00e9rience dans la culture et l&rsquo;\u00e9levage de cannabis par an depuis 2000.<\/p>\n\n\n\n<p>Pour les cinq derni\u00e8res ann\u00e9es, nous travaillons en \u00e9troite collaboration avec les producteurs espagnols et canadiens. Notre objectif le plus important est de parvenir \u00e0 des souches autofleurrissante meilleurs et g\u00e9n\u00e9tique stables pour la culture en int\u00e9rieur et en ext\u00e9rieur.<\/p>\n\n\n\n<p>Nous utilisons les graines de partout dans le monde pour cr\u00e9er nos propres souches uniques. Vari\u00e9t\u00e9s locales afghanes, ruderalis russe, n\u00e9erlandais souches sont tous ont \u00e9t\u00e9 utilis\u00e9s pour les dix derni\u00e8res ann\u00e9es de cr\u00e9er des graines nous faisons du commerce.<\/p>\n\n\n\n<p>Reproduction constante et observations aid\u00e9 notre \u00e9quipe \u00e0 s\u00e9lectionner les souches les plus puissants et r\u00e9sistants.<\/p>\n\n\n\n<p>Notre strat\u00e9gie consiste \u00e0 conserver des clients satisfaits des r\u00e9sultats qu&rsquo;ils obtiennent. Nous travaillons donc beaucoup de temps pour \u00eatre s\u00fbr de la qualit\u00e9 de nos semences est l&rsquo;un des meilleurs sur le march\u00e9 mondiale de la culture du cannabis.<\/p>\n\n\n\n<p>Jeter un coup d&rsquo;oeil sur notre catalogue et profiter de la beaut\u00e9 des plantes de Rastaman Seeds.<\/p>\n\n\n\n<p class=\"has-text-align-center\"><center><p class=\"has-text-align-center\"><\/center><\/p>\n\n\n\n<p class=\"has-text-align-left\">Feel free to send us feedback, comments or wholesale demand<\/p>\n\n\n\n<p class=\"has-text-align-left\">Rastaman Seeds<br>St Olav&rsquo;s Court<br>City Business Centre, Canada Water Lower Road<br>London, SE16 2XB, UK<br>Rastaman.Seeds.Sales@gmail.com, www.rastamanseeds.com<\/p>\n","protected":false},"excerpt":{"rendered":"<p>Rastaman Seeds est l&rsquo;\u00e9quipe de producteurs passionn\u00e9s, situ\u00e9s au Royaume-Uni. Nous sommes tous de l&rsquo;exp\u00e9rience dans la culture et l&rsquo;\u00e9levage de cannabis par an depuis<\/p>\n","protected":false},"author":1,"featured_media":0,"parent":0,"menu_order":0,"comment_status":"closed","ping_status":"open","template":"","meta":{"footnotes":""},"class_list":["post-2","page","type-page","status-publish","hentry"],"_links":{"self":[{"href":"https:\/\/rastaman-seeds.org\/fr\/wp-json\/wp\/v2\/pages\/2","targetHints":{"allow":["GET"]}}],"collection":[{"href":"https:\/\/rastaman-seeds.org\/fr\/wp-json\/wp\/v2\/pages"}],"about":[{"href":"https:\/\/rastaman-seeds.org\/fr\/wp-json\/wp\/v2\/types\/page"}],"author":[{"embeddable":true,"href":"https:\/\/rastaman-seeds.org\/fr\/wp-json\/wp\/v2\/users\/1"}],"replies":[{"embeddable":true,"href":"https:\/\/rastaman-seeds.org\/fr\/wp-json\/wp\/v2\/comments?post=2"}],"version-history":[{"count":15,"href":"https:\/\/rastaman-seeds.org\/fr\/wp-json\/wp\/v2\/pages\/2\/revisions"}],"predecessor-version":[{"id":171,"href":"https:\/\/rastaman-seeds.org\/fr\/wp-json\/wp\/v2\/pages\/2\/revisions\/171"}],"wp:attachment":[{"href":"https:\/\/rastaman-seeds.org\/fr\/wp-json\/wp\/v2\/media?parent=2"}],"curies":[{"name":"wp","href":"https:\/\/api.w.org\/{rel}","templated":true}]}}